{"id":454,"date":"2016-11-21T13:02:40","date_gmt":"2016-11-21T13:02:40","guid":{"rendered":"http:\/\/www.hanneskerschbaumer.eu\/?page_id=454"},"modified":"2022-07-22T13:23:55","modified_gmt":"2022-07-22T13:23:55","slug":"store","status":"publish","type":"page","link":"https:\/\/www.hanneskerschbaumer.eu\/de\/store\/","title":{"rendered":"Store"},"content":{"rendered":"<p>[vc_row][vc_column][vc_column_text][\/vc_column_text][\/vc_column][\/vc_row][vc_row][vc_column][vc_column_text]<\/p>\n<h1>Store<\/h1>\n<p>[\/vc_column_text][\/vc_column][\/vc_row][vc_row][vc_column][vc_column_text]Hannes Kerschbaumers Musik ist erh\u00e4ltlich bei:<\/p>\n<p><a href=\"https:\/\/www.editiongravis.de\/verlag\/\" target=\"_blank\" rel=\"noopener\">Edition Gravis Verlag GmbH<\/a><small><\/small><\/p>\n<p><img loading=\"lazy\" class=\"\" src=\"http:\/\/www.hanneskerschbaumer.eu\/wp-content\/uploads\/2021\/07\/editiongravis_logo-gelb.png\" width=\"176\" height=\"169\" \/><\/p>\n<p><small>Berlin:<br \/>\n<\/small><small>Grabbeallee 15<br \/>\n<\/small><small>13156 Berlin<br \/>\n<\/small><small>Fon: +49 (0)30 &#8211; 61 69 81 0<br \/>\nKontakt f\u00fcr allg. Anfragen: <a href=\"mailto:info@editiongravis.de\">info@editiongravis.de<\/a><br \/>\nKontakt f\u00fcr Leihmaterial: <a href=\"mailto:leihmaterial@editiongravis.de\">leihmaterial@editiongravis.de<\/a><br \/>\n<\/small>[\/vc_column_text][\/vc_column][\/vc_row][vc_row][vc_column width=&#8220;1\/2&#8243;][vc_column_text]<a href=\"https:\/\/www.editiongravis.de\/verlag\/product_info.php?info=p2495_geschiebe.html\" target=\"_blank\" rel=\"noopener\"><img loading=\"lazy\" class=\"\" src=\"http:\/\/www.hanneskerschbaumer.eu\/wp-content\/uploads\/2022\/07\/Bildschirmfoto-2022-07-20-um-11.15.30.png\" width=\"400\" height=\"279\" \/><\/a>[\/vc_column_text][vc_column_text]<a href=\"https:\/\/www.editiongravis.de\/verlag\/product_info.php?info=p2662_kritzung.html\" target=\"_blank\" rel=\"noopener\"><img loading=\"lazy\" class=\"\" src=\"http:\/\/www.hanneskerschbaumer.eu\/wp-content\/uploads\/2022\/01\/kritzung-2662_0.jpg\" width=\"400\" height=\"282\" \/><\/a>[\/vc_column_text][vc_column_text]<a href=\"https:\/\/www.editiongravis.de\/verlag\/product_info.php?info=p2496_not-to.html\" target=\"_blank\" rel=\"noopener\"><img loading=\"lazy\" class=\"\" src=\"http:\/\/www.hanneskerschbaumer.eu\/wp-content\/uploads\/2022\/01\/notto-2496_0.jpg\" width=\"400\" height=\"283\" \/><\/a>[\/vc_column_text][\/vc_column][vc_column width=&#8220;1\/2&#8243;][vc_column_text]<a href=\"https:\/\/www.editiongravis.de\/verlag\/product_info.php?info=p2777_firn.html\" target=\"_blank\" rel=\"noopener\"><img loading=\"lazy\" class=\"\" src=\"http:\/\/www.hanneskerschbaumer.eu\/wp-content\/uploads\/2022\/07\/firn-deckblatt.png\" width=\"401\" height=\"295\" \/><\/a>[\/vc_column_text][vc_column_text]<a href=\"https:\/\/www.editiongravis.de\/verlag\/product_info.php?info=p2725_steme.html\" target=\"_blank\" rel=\"noopener\"><img loading=\"lazy\" class=\"\" src=\"http:\/\/www.hanneskerschbaumer.eu\/wp-content\/uploads\/2022\/01\/steme-2725_0.jpg\" width=\"400\" height=\"283\" \/><\/a>[\/vc_column_text][vc_column_text]<a href=\"http:\/\/www.hanneskerschbaumer.eu\/wp-content\/uploads\/2022\/01\/abbozzo-2690_0.png\" target=\"_blank\" rel=\"noopener\"><img loading=\"lazy\" class=\"\" src=\"http:\/\/www.hanneskerschbaumer.eu\/wp-content\/uploads\/2022\/01\/abbozzo-2690_0.png\" width=\"400\" height=\"284\" \/><\/a>[\/vc_column_text][\/vc_column][\/vc_row][vc_row][vc_column width=&#8220;1\/2&#8243;][vc_column_text][\/vc_column_text][\/vc_column][vc_column width=&#8220;1\/2&#8243;][\/vc_column][\/vc_row][vc_row][vc_column][vc_column_text][\/vc_column_text][\/vc_column][\/vc_row][vc_row][vc_column][vc_column_text][\/vc_column_text][\/vc_column][\/vc_row]<\/p>","protected":false},"excerpt":{"rendered":"<p>[vc_row][vc_column][vc_column_text][\/vc_column_text][\/vc_column][\/vc_row][vc_row][vc_column][vc_column_text] Store [\/vc_column_text][\/vc_column][\/vc_row][vc_row][vc_column][vc_column_text]Hannes Kerschbaumers Musik ist erh\u00e4ltlich bei: Edition Gravis Verlag GmbH Berlin: Grabbeallee 15 13156 Berlin Fon: +49 (0)30 &#8211; 61 69 81 0 Kontakt f\u00fcr allg. Anfragen: info@editiongravis.de Kontakt f\u00fcr Leihmaterial: leihmaterial@editiongravis.de [\/vc_column_text][\/vc_column][\/vc_row][vc_row][vc_column width=&#8220;1\/2&#8243;][vc_column_text][\/vc_column_text][vc_column_text][\/vc_column_text][vc_column_text][\/vc_column_text][\/vc_column][vc_column width=&#8220;1\/2&#8243;][vc_column_text][\/vc_column_text][vc_column_text][\/vc_column_text][vc_column_text][\/vc_column_text][\/vc_column][\/vc_row][vc_row][vc_column width=&#8220;1\/2&#8243;][vc_column_text][\/vc_column_text][\/vc_column][vc_column width=&#8220;1\/2&#8243;][\/vc_column][\/vc_row][vc_row][vc_column][vc_column_text][\/vc_column_text][\/vc_column][\/vc_row][vc_row][vc_column][vc_column_text][\/vc_column_text][\/vc_column][\/vc_row]<\/p>\n<p><a href=\"https:\/\/www.hanneskerschbaumer.eu\/de\/store\/\">Read more <span class=\"arrow-right\"><\/span><\/a><\/p>\n","protected":false},"author":3,"featured_media":0,"parent":0,"menu_order":0,"comment_status":"closed","ping_status":"closed","template":"","meta":[],"acf":[],"_links":{"self":[{"href":"https:\/\/www.hanneskerschbaumer.eu\/de\/wp-json\/wp\/v2\/pages\/454"}],"collection":[{"href":"https:\/\/www.hanneskerschbaumer.eu\/de\/wp-json\/wp\/v2\/pages"}],"about":[{"href":"https:\/\/www.hanneskerschbaumer.eu\/de\/wp-json\/wp\/v2\/types\/page"}],"author":[{"embeddable":true,"href":"https:\/\/www.hanneskerschbaumer.eu\/de\/wp-json\/wp\/v2\/users\/3"}],"replies":[{"embeddable":true,"href":"https:\/\/www.hanneskerschbaumer.eu\/de\/wp-json\/wp\/v2\/comments?post=454"}],"version-history":[{"count":43,"href":"https:\/\/www.hanneskerschbaumer.eu\/de\/wp-json\/wp\/v2\/pages\/454\/revisions"}],"predecessor-version":[{"id":1439,"href":"https:\/\/www.hanneskerschbaumer.eu\/de\/wp-json\/wp\/v2\/pages\/454\/revisions\/1439"}],"wp:attachment":[{"href":"https:\/\/www.hanneskerschbaumer.eu\/de\/wp-json\/wp\/v2\/media?parent=454"}],"curies":[{"name":"wp","href":"https:\/\/api.w.org\/{rel}","templated":true}]}}